{"id":2136,"date":"2023-02-01T12:40:57","date_gmt":"2023-02-01T10:40:57","guid":{"rendered":"https:\/\/ischool-project.eu\/malzeme\/"},"modified":"2024-07-10T12:51:47","modified_gmt":"2024-07-10T09:51:47","slug":"malzeme","status":"publish","type":"page","link":"https:\/\/ischool-project.eu\/tr\/malzeme\/","title":{"rendered":"Malzeme"},"content":{"rendered":"\t\t<div data-elementor-type=\"wp-page\" data-elementor-id=\"2136\" class=\"elementor elementor-2136 elementor-2112\" data-elementor-post-type=\"page\">\n\t\t\t\t\t\t<section class=\"elementor-section elementor-top-section elementor-element elementor-element-296f7fb elementor-section-boxed elementor-section-height-default elementor-section-height-default\" data-id=\"296f7fb\" data-element_type=\"section\">\n\t\t\t\t\t\t<div class=\"elementor-container elementor-column-gap-default\">\n\t\t\t\t\t<div class=\"elementor-column elementor-col-100 elementor-top-column elementor-element elementor-element-7a63ac3\" data-id=\"7a63ac3\" data-element_type=\"column\">\n\t\t\t<div class=\"elementor-widget-wrap elementor-element-populated\">\n\t\t\t\t\t\t<div class=\"elementor-element elementor-element-60e6013 elementor-widget elementor-widget-spacer\" data-id=\"60e6013\" data-element_type=\"widget\" data-widget_type=\"spacer.default\">\n\t\t\t\t<div class=\"elementor-widget-container\">\n\t\t\t\t\t<div class=\"elementor-spacer\">\n\t\t\t<div class=\"elementor-spacer-inner\"><\/div>\n\t\t<\/div>\n\t\t\t\t<\/div>\n\t\t\t\t<\/div>\n\t\t\t\t\t<\/div>\n\t\t<\/div>\n\t\t\t\t\t<\/div>\n\t\t<\/section>\n\t\t\t\t<section class=\"elementor-section elementor-top-section elementor-element elementor-element-5a425d7 elementor-section-boxed elementor-section-height-default elementor-section-height-default\" data-id=\"5a425d7\" data-element_type=\"section\">\n\t\t\t\t\t\t<div class=\"elementor-container elementor-column-gap-default\">\n\t\t\t\t\t<div class=\"elementor-column elementor-col-100 elementor-top-column elementor-element elementor-element-a89bf90\" data-id=\"a89bf90\" data-element_type=\"column\">\n\t\t\t<div class=\"elementor-widget-wrap elementor-element-populated\">\n\t\t\t\t\t\t<div class=\"elementor-element elementor-element-d2f65c4 elementor-widget elementor-widget-heading\" data-id=\"d2f65c4\" data-element_type=\"widget\" data-widget_type=\"heading.default\">\n\t\t\t\t<div class=\"elementor-widget-container\">\n\t\t\t<h2 class=\"elementor-heading-title elementor-size-default\">Malzeme<\/h2>\t\t<\/div>\n\t\t\t\t<\/div>\n\t\t\t\t<div class=\"elementor-element elementor-element-679c10f elementor-widget elementor-widget-spacer\" data-id=\"679c10f\" data-element_type=\"widget\" data-widget_type=\"spacer.default\">\n\t\t\t\t<div class=\"elementor-widget-container\">\n\t\t\t\t\t<div class=\"elementor-spacer\">\n\t\t\t<div class=\"elementor-spacer-inner\"><\/div>\n\t\t<\/div>\n\t\t\t\t<\/div>\n\t\t\t\t<\/div>\n\t\t\t\t\t<\/div>\n\t\t<\/div>\n\t\t\t\t\t<\/div>\n\t\t<\/section>\n\t\t\t\t<section class=\"elementor-section elementor-top-section elementor-element elementor-element-fbb29ef elementor-section-boxed elementor-section-height-default elementor-section-height-default\" data-id=\"fbb29ef\" data-element_type=\"section\">\n\t\t\t\t\t\t<div class=\"elementor-container elementor-column-gap-default\">\n\t\t\t\t\t<div class=\"elementor-column elementor-col-50 elementor-top-column elementor-element elementor-element-fe94de0\" data-id=\"fe94de0\" data-element_type=\"column\">\n\t\t\t<div class=\"elementor-widget-wrap elementor-element-populated\">\n\t\t\t\t\t\t<div class=\"elementor-element elementor-element-de86a14 elementor-widget elementor-widget-heading\" data-id=\"de86a14\" data-element_type=\"widget\" data-widget_type=\"heading.default\">\n\t\t\t\t<div class=\"elementor-widget-container\">\n\t\t\t<h3 class=\"elementor-heading-title elementor-size-default\">Bro\u015f\u00fcr<\/h3>\t\t<\/div>\n\t\t\t\t<\/div>\n\t\t\t\t<div class=\"elementor-element elementor-element-30b5d29 elementor-widget elementor-widget-image\" data-id=\"30b5d29\" data-element_type=\"widget\" data-widget_type=\"image.default\">\n\t\t\t\t<div class=\"elementor-widget-container\">\n\t\t\t\t\t\t\t\t\t\t\t\t\t\t<a href=\"https:\/\/ischool-project.eu\/wp-content\/uploads\/2023\/07\/brochure-turkey-i-school_v2.pdf\" target=\"_blank\">\n\t\t\t\t\t\t\t<img fetchpriority=\"high\" decoding=\"async\" width=\"875\" height=\"875\" src=\"https:\/\/ischool-project.eu\/wp-content\/uploads\/2023\/02\/TR-brochure-mockup.png\" class=\"attachment-full size-full wp-image-2188\" alt=\"\" srcset=\"https:\/\/ischool-project.eu\/wp-content\/uploads\/2023\/02\/TR-brochure-mockup.png 875w, https:\/\/ischool-project.eu\/wp-content\/uploads\/2023\/02\/TR-brochure-mockup-300x300.png 300w, https:\/\/ischool-project.eu\/wp-content\/uploads\/2023\/02\/TR-brochure-mockup-150x150.png 150w, https:\/\/ischool-project.eu\/wp-content\/uploads\/2023\/02\/TR-brochure-mockup-768x768.png 768w, https:\/\/ischool-project.eu\/wp-content\/uploads\/2023\/02\/TR-brochure-mockup-700x700.png 700w\" sizes=\"(max-width: 875px) 100vw, 875px\" \/>\t\t\t\t\t\t\t\t<\/a>\n\t\t\t\t\t\t\t\t\t\t\t\t\t<\/div>\n\t\t\t\t<\/div>\n\t\t\t\t<div class=\"elementor-element elementor-element-59177fc elementor-align-center elementor-widget elementor-widget-button\" data-id=\"59177fc\" data-element_type=\"widget\" data-widget_type=\"button.default\">\n\t\t\t\t<div class=\"elementor-widget-container\">\n\t\t\t\t\t<div class=\"elementor-button-wrapper\">\n\t\t\t<a class=\"elementor-button elementor-button-link elementor-size-sm\" href=\"https:\/\/ischool-project.eu\/wp-content\/uploads\/2023\/07\/brochure-turkey-i-school_v2.pdf\" target=\"_blank\">\n\t\t\t\t\t\t<span class=\"elementor-button-content-wrapper\">\n\t\t\t\t\t\t\t\t\t<span class=\"elementor-button-text\">PDF \u0130ndir<\/span>\n\t\t\t\t\t<\/span>\n\t\t\t\t\t<\/a>\n\t\t<\/div>\n\t\t\t\t<\/div>\n\t\t\t\t<\/div>\n\t\t\t\t\t<\/div>\n\t\t<\/div>\n\t\t\t\t<div class=\"elementor-column elementor-col-50 elementor-top-column elementor-element elementor-element-e4586db\" data-id=\"e4586db\" data-element_type=\"column\">\n\t\t\t<div class=\"elementor-widget-wrap elementor-element-populated\">\n\t\t\t\t\t\t<div class=\"elementor-element elementor-element-08f211f elementor-widget elementor-widget-heading\" data-id=\"08f211f\" data-element_type=\"widget\" data-widget_type=\"heading.default\">\n\t\t\t\t<div class=\"elementor-widget-container\">\n\t\t\t<h3 class=\"elementor-heading-title elementor-size-default\">Afi\u015f<\/h3>\t\t<\/div>\n\t\t\t\t<\/div>\n\t\t\t\t<div class=\"elementor-element elementor-element-5c474f6 elementor-widget elementor-widget-image\" data-id=\"5c474f6\" data-element_type=\"widget\" data-widget_type=\"image.default\">\n\t\t\t\t<div class=\"elementor-widget-container\">\n\t\t\t\t\t\t\t\t\t\t\t\t\t\t<a href=\"https:\/\/ischool-project.eu\/wp-content\/uploads\/2023\/07\/poster-turkey-ischool_v2.pdf\" target=\"_blank\">\n\t\t\t\t\t\t\t<img decoding=\"async\" width=\"864\" height=\"576\" src=\"https:\/\/ischool-project.eu\/wp-content\/uploads\/2023\/02\/TR-mockup.png\" class=\"attachment-full size-full wp-image-2196\" alt=\"\" srcset=\"https:\/\/ischool-project.eu\/wp-content\/uploads\/2023\/02\/TR-mockup.png 864w, https:\/\/ischool-project.eu\/wp-content\/uploads\/2023\/02\/TR-mockup-300x200.png 300w, https:\/\/ischool-project.eu\/wp-content\/uploads\/2023\/02\/TR-mockup-768x512.png 768w\" sizes=\"(max-width: 864px) 100vw, 864px\" \/>\t\t\t\t\t\t\t\t<\/a>\n\t\t\t\t\t\t\t\t\t\t\t\t\t<\/div>\n\t\t\t\t<\/div>\n\t\t\t\t<div class=\"elementor-element elementor-element-e076656 elementor-align-center elementor-widget elementor-widget-button\" data-id=\"e076656\" data-element_type=\"widget\" data-widget_type=\"button.default\">\n\t\t\t\t<div class=\"elementor-widget-container\">\n\t\t\t\t\t<div class=\"elementor-button-wrapper\">\n\t\t\t<a class=\"elementor-button elementor-button-link elementor-size-sm\" href=\"https:\/\/ischool-project.eu\/wp-content\/uploads\/2023\/07\/poster-turkey-ischool_v2.pdf\" target=\"_blank\">\n\t\t\t\t\t\t<span class=\"elementor-button-content-wrapper\">\n\t\t\t\t\t\t\t\t\t<span class=\"elementor-button-text\">PDF \u0130ndir<\/span>\n\t\t\t\t\t<\/span>\n\t\t\t\t\t<\/a>\n\t\t<\/div>\n\t\t\t\t<\/div>\n\t\t\t\t<\/div>\n\t\t\t\t\t<\/div>\n\t\t<\/div>\n\t\t\t\t\t<\/div>\n\t\t<\/section>\n\t\t\t\t<section class=\"elementor-section elementor-top-section elementor-element elementor-element-ec80008 elementor-section-boxed elementor-section-height-default elementor-section-height-default\" data-id=\"ec80008\" data-element_type=\"section\">\n\t\t\t\t\t\t<div class=\"elementor-container elementor-column-gap-default\">\n\t\t\t\t\t<div class=\"elementor-column elementor-col-100 elementor-top-column elementor-element elementor-element-f2b824f\" data-id=\"f2b824f\" data-element_type=\"column\">\n\t\t\t<div class=\"elementor-widget-wrap elementor-element-populated\">\n\t\t\t\t\t\t<div class=\"elementor-element elementor-element-1433ba1 elementor-widget elementor-widget-spacer\" data-id=\"1433ba1\" data-element_type=\"widget\" data-widget_type=\"spacer.default\">\n\t\t\t\t<div class=\"elementor-widget-container\">\n\t\t\t\t\t<div class=\"elementor-spacer\">\n\t\t\t<div class=\"elementor-spacer-inner\"><\/div>\n\t\t<\/div>\n\t\t\t\t<\/div>\n\t\t\t\t<\/div>\n\t\t\t\t\t<\/div>\n\t\t<\/div>\n\t\t\t\t\t<\/div>\n\t\t<\/section>\n\t\t\t\t<section class=\"elementor-section elementor-top-section elementor-element elementor-element-65f0bad elementor-section-boxed elementor-section-height-default elementor-section-height-default\" data-id=\"65f0bad\" data-element_type=\"section\">\n\t\t\t\t\t\t<div class=\"elementor-container elementor-column-gap-default\">\n\t\t\t\t\t<div class=\"elementor-column elementor-col-100 elementor-top-column elementor-element elementor-element-fb46dfd\" data-id=\"fb46dfd\" data-element_type=\"column\">\n\t\t\t<div class=\"elementor-widget-wrap elementor-element-populated\">\n\t\t\t\t\t\t<div class=\"elementor-element elementor-element-30513ce elementor-widget elementor-widget-heading\" data-id=\"30513ce\" data-element_type=\"widget\" data-widget_type=\"heading.default\">\n\t\t\t\t<div class=\"elementor-widget-container\">\n\t\t\t<h2 class=\"elementor-heading-title elementor-size-default\">B\u00fclten<\/h2>\t\t<\/div>\n\t\t\t\t<\/div>\n\t\t\t\t<div class=\"elementor-element elementor-element-2c7a4a3 elementor-widget elementor-widget-spacer\" data-id=\"2c7a4a3\" data-element_type=\"widget\" data-widget_type=\"spacer.default\">\n\t\t\t\t<div class=\"elementor-widget-container\">\n\t\t\t\t\t<div class=\"elementor-spacer\">\n\t\t\t<div class=\"elementor-spacer-inner\"><\/div>\n\t\t<\/div>\n\t\t\t\t<\/div>\n\t\t\t\t<\/div>\n\t\t\t\t\t<\/div>\n\t\t<\/div>\n\t\t\t\t\t<\/div>\n\t\t<\/section>\n\t\t\t\t<section class=\"elementor-section elementor-top-section elementor-element elementor-element-13fe8b32 elementor-section-boxed elementor-section-height-default elementor-section-height-default\" data-id=\"13fe8b32\" data-element_type=\"section\">\n\t\t\t\t\t\t<div class=\"elementor-container elementor-column-gap-default\">\n\t\t\t\t\t<div class=\"elementor-column elementor-col-50 elementor-top-column elementor-element elementor-element-304c4117\" data-id=\"304c4117\" data-element_type=\"column\">\n\t\t\t<div class=\"elementor-widget-wrap elementor-element-populated\">\n\t\t\t\t\t\t<div class=\"elementor-element elementor-element-1bf1c137 elementor-widget elementor-widget-heading\" data-id=\"1bf1c137\" data-element_type=\"widget\" data-widget_type=\"heading.default\">\n\t\t\t\t<div class=\"elementor-widget-container\">\n\t\t\t<h3 class=\"elementor-heading-title elementor-size-default\">1. B\u00fclten<\/h3>\t\t<\/div>\n\t\t\t\t<\/div>\n\t\t\t\t<div class=\"elementor-element elementor-element-e9096f4 elementor-widget elementor-widget-image\" data-id=\"e9096f4\" data-element_type=\"widget\" data-widget_type=\"image.default\">\n\t\t\t\t<div class=\"elementor-widget-container\">\n\t\t\t\t\t\t\t\t\t\t\t\t\t\t<a href=\"https:\/\/ischool-project.eu\/wp-content\/uploads\/2024\/06\/EN-Newsletter-1-Ischool.pdf\" target=\"_blank\">\n\t\t\t\t\t\t\t<img decoding=\"async\" width=\"1000\" height=\"1000\" src=\"https:\/\/ischool-project.eu\/wp-content\/uploads\/2024\/06\/ischool-newsletter-01.png\" class=\"attachment-full size-full wp-image-6083\" alt=\"\" srcset=\"https:\/\/ischool-project.eu\/wp-content\/uploads\/2024\/06\/ischool-newsletter-01.png 1000w, https:\/\/ischool-project.eu\/wp-content\/uploads\/2024\/06\/ischool-newsletter-01-300x300.png 300w, https:\/\/ischool-project.eu\/wp-content\/uploads\/2024\/06\/ischool-newsletter-01-150x150.png 150w, https:\/\/ischool-project.eu\/wp-content\/uploads\/2024\/06\/ischool-newsletter-01-768x768.png 768w, https:\/\/ischool-project.eu\/wp-content\/uploads\/2024\/06\/ischool-newsletter-01-700x700.png 700w, https:\/\/ischool-project.eu\/wp-content\/uploads\/2024\/06\/ischool-newsletter-01-624x624.png 624w\" sizes=\"(max-width: 1000px) 100vw, 1000px\" \/>\t\t\t\t\t\t\t\t<\/a>\n\t\t\t\t\t\t\t\t\t\t\t\t\t<\/div>\n\t\t\t\t<\/div>\n\t\t\t\t<div class=\"elementor-element elementor-element-5625c820 elementor-align-center elementor-widget elementor-widget-button\" data-id=\"5625c820\" data-element_type=\"widget\" data-widget_type=\"button.default\">\n\t\t\t\t<div class=\"elementor-widget-container\">\n\t\t\t\t\t<div class=\"elementor-button-wrapper\">\n\t\t\t<a class=\"elementor-button elementor-button-link elementor-size-sm\" href=\"https:\/\/ischool-project.eu\/wp-content\/uploads\/2024\/06\/EN-Newsletter-1-Ischool.pdf\" target=\"_blank\">\n\t\t\t\t\t\t<span class=\"elementor-button-content-wrapper\">\n\t\t\t\t\t\t\t\t\t<span class=\"elementor-button-text\">PDF \u0130ndir<\/span>\n\t\t\t\t\t<\/span>\n\t\t\t\t\t<\/a>\n\t\t<\/div>\n\t\t\t\t<\/div>\n\t\t\t\t<\/div>\n\t\t\t\t\t<\/div>\n\t\t<\/div>\n\t\t\t\t<div class=\"elementor-column elementor-col-50 elementor-top-column elementor-element elementor-element-273b296a\" data-id=\"273b296a\" data-element_type=\"column\">\n\t\t\t<div class=\"elementor-widget-wrap elementor-element-populated\">\n\t\t\t\t\t\t<div class=\"elementor-element elementor-element-4c0d9ba5 elementor-widget elementor-widget-heading\" data-id=\"4c0d9ba5\" data-element_type=\"widget\" data-widget_type=\"heading.default\">\n\t\t\t\t<div class=\"elementor-widget-container\">\n\t\t\t<h3 class=\"elementor-heading-title elementor-size-default\">2. B\u00fclten<\/h3>\t\t<\/div>\n\t\t\t\t<\/div>\n\t\t\t\t<div class=\"elementor-element elementor-element-5428e6d0 elementor-widget elementor-widget-image\" data-id=\"5428e6d0\" data-element_type=\"widget\" data-widget_type=\"image.default\">\n\t\t\t\t<div class=\"elementor-widget-container\">\n\t\t\t\t\t\t\t\t\t\t\t\t\t\t<a href=\"https:\/\/ischool-project.eu\/wp-content\/uploads\/2024\/06\/EN-Newsletter-2-Ischool.pdf\" target=\"_blank\">\n\t\t\t\t\t\t\t<img loading=\"lazy\" decoding=\"async\" width=\"1000\" height=\"1000\" src=\"https:\/\/ischool-project.eu\/wp-content\/uploads\/2024\/06\/ischool-newsletter-02.png\" class=\"attachment-full size-full wp-image-6094\" alt=\"\" srcset=\"https:\/\/ischool-project.eu\/wp-content\/uploads\/2024\/06\/ischool-newsletter-02.png 1000w, https:\/\/ischool-project.eu\/wp-content\/uploads\/2024\/06\/ischool-newsletter-02-300x300.png 300w, https:\/\/ischool-project.eu\/wp-content\/uploads\/2024\/06\/ischool-newsletter-02-150x150.png 150w, https:\/\/ischool-project.eu\/wp-content\/uploads\/2024\/06\/ischool-newsletter-02-768x768.png 768w, https:\/\/ischool-project.eu\/wp-content\/uploads\/2024\/06\/ischool-newsletter-02-700x700.png 700w, https:\/\/ischool-project.eu\/wp-content\/uploads\/2024\/06\/ischool-newsletter-02-624x624.png 624w\" sizes=\"(max-width: 1000px) 100vw, 1000px\" \/>\t\t\t\t\t\t\t\t<\/a>\n\t\t\t\t\t\t\t\t\t\t\t\t\t<\/div>\n\t\t\t\t<\/div>\n\t\t\t\t<div class=\"elementor-element elementor-element-7e383116 elementor-align-center elementor-widget elementor-widget-button\" data-id=\"7e383116\" data-element_type=\"widget\" data-widget_type=\"button.default\">\n\t\t\t\t<div class=\"elementor-widget-container\">\n\t\t\t\t\t<div class=\"elementor-button-wrapper\">\n\t\t\t<a class=\"elementor-button elementor-button-link elementor-size-sm\" href=\"https:\/\/ischool-project.eu\/wp-content\/uploads\/2024\/06\/EN-Newsletter-2-Ischool.pdf\" target=\"_blank\">\n\t\t\t\t\t\t<span class=\"elementor-button-content-wrapper\">\n\t\t\t\t\t\t\t\t\t<span class=\"elementor-button-text\">PDF \u0130ndir<\/span>\n\t\t\t\t\t<\/span>\n\t\t\t\t\t<\/a>\n\t\t<\/div>\n\t\t\t\t<\/div>\n\t\t\t\t<\/div>\n\t\t\t\t\t<\/div>\n\t\t<\/div>\n\t\t\t\t\t<\/div>\n\t\t<\/section>\n\t\t\t\t<section class=\"elementor-section elementor-top-section elementor-element elementor-element-3f0a3c0 elementor-section-boxed elementor-section-height-default elementor-section-height-default\" data-id=\"3f0a3c0\" data-element_type=\"section\">\n\t\t\t\t\t\t<div class=\"elementor-container elementor-column-gap-default\">\n\t\t\t\t\t<div class=\"elementor-column elementor-col-100 elementor-top-column elementor-element elementor-element-dadba9d\" data-id=\"dadba9d\" data-element_type=\"column\">\n\t\t\t<div class=\"elementor-widget-wrap elementor-element-populated\">\n\t\t\t\t\t\t<div class=\"elementor-element elementor-element-93fb36c elementor-widget elementor-widget-spacer\" data-id=\"93fb36c\" data-element_type=\"widget\" data-widget_type=\"spacer.default\">\n\t\t\t\t<div class=\"elementor-widget-container\">\n\t\t\t\t\t<div class=\"elementor-spacer\">\n\t\t\t<div class=\"elementor-spacer-inner\"><\/div>\n\t\t<\/div>\n\t\t\t\t<\/div>\n\t\t\t\t<\/div>\n\t\t\t\t\t<\/div>\n\t\t<\/div>\n\t\t\t\t\t<\/div>\n\t\t<\/section>\n\t\t\t\t<section class=\"elementor-section elementor-top-section elementor-element elementor-element-806969f elementor-section-boxed elementor-section-height-default elementor-section-height-default\" data-id=\"806969f\" data-element_type=\"section\">\n\t\t\t\t\t\t<div class=\"elementor-container elementor-column-gap-default\">\n\t\t\t\t\t<div class=\"elementor-column elementor-col-50 elementor-top-column elementor-element elementor-element-b9c88b5\" data-id=\"b9c88b5\" data-element_type=\"column\">\n\t\t\t<div class=\"elementor-widget-wrap elementor-element-populated\">\n\t\t\t\t\t\t<div class=\"elementor-element elementor-element-52c05ff elementor-widget elementor-widget-heading\" data-id=\"52c05ff\" data-element_type=\"widget\" data-widget_type=\"heading.default\">\n\t\t\t\t<div class=\"elementor-widget-container\">\n\t\t\t<h3 class=\"elementor-heading-title elementor-size-default\">3. B\u00fclten<\/h3>\t\t<\/div>\n\t\t\t\t<\/div>\n\t\t\t\t<div class=\"elementor-element elementor-element-71140f7 elementor-widget elementor-widget-image\" data-id=\"71140f7\" data-element_type=\"widget\" data-widget_type=\"image.default\">\n\t\t\t\t<div class=\"elementor-widget-container\">\n\t\t\t\t\t\t\t\t\t\t\t\t\t\t<a href=\"https:\/\/ischool-project.eu\/wp-content\/uploads\/2024\/06\/EN-Newsletter-3-Ischool.pdf\" target=\"_blank\">\n\t\t\t\t\t\t\t<img loading=\"lazy\" decoding=\"async\" width=\"1000\" height=\"1000\" src=\"https:\/\/ischool-project.eu\/wp-content\/uploads\/2024\/07\/ischool-newsletter-03.png\" class=\"attachment-full size-full wp-image-6536\" alt=\"\" srcset=\"https:\/\/ischool-project.eu\/wp-content\/uploads\/2024\/07\/ischool-newsletter-03.png 1000w, https:\/\/ischool-project.eu\/wp-content\/uploads\/2024\/07\/ischool-newsletter-03-300x300.png 300w, https:\/\/ischool-project.eu\/wp-content\/uploads\/2024\/07\/ischool-newsletter-03-150x150.png 150w, https:\/\/ischool-project.eu\/wp-content\/uploads\/2024\/07\/ischool-newsletter-03-768x768.png 768w, https:\/\/ischool-project.eu\/wp-content\/uploads\/2024\/07\/ischool-newsletter-03-700x700.png 700w, https:\/\/ischool-project.eu\/wp-content\/uploads\/2024\/07\/ischool-newsletter-03-624x624.png 624w\" sizes=\"(max-width: 1000px) 100vw, 1000px\" \/>\t\t\t\t\t\t\t\t<\/a>\n\t\t\t\t\t\t\t\t\t\t\t\t\t<\/div>\n\t\t\t\t<\/div>\n\t\t\t\t<div class=\"elementor-element elementor-element-06fb862 elementor-align-center elementor-widget elementor-widget-button\" data-id=\"06fb862\" data-element_type=\"widget\" data-widget_type=\"button.default\">\n\t\t\t\t<div class=\"elementor-widget-container\">\n\t\t\t\t\t<div class=\"elementor-button-wrapper\">\n\t\t\t<a class=\"elementor-button elementor-button-link elementor-size-sm\" href=\"https:\/\/ischool-project.eu\/wp-content\/uploads\/2024\/06\/EN-Newsletter-3-Ischool.pdf\" target=\"_blank\">\n\t\t\t\t\t\t<span class=\"elementor-button-content-wrapper\">\n\t\t\t\t\t\t\t\t\t<span class=\"elementor-button-text\">PDF \u0130ndir<\/span>\n\t\t\t\t\t<\/span>\n\t\t\t\t\t<\/a>\n\t\t<\/div>\n\t\t\t\t<\/div>\n\t\t\t\t<\/div>\n\t\t\t\t\t<\/div>\n\t\t<\/div>\n\t\t\t\t<div class=\"elementor-column elementor-col-50 elementor-top-column elementor-element elementor-element-101e491\" data-id=\"101e491\" data-element_type=\"column\">\n\t\t\t<div class=\"elementor-widget-wrap elementor-element-populated\">\n\t\t\t\t\t\t<div class=\"elementor-element elementor-element-18d2e58 elementor-widget elementor-widget-heading\" data-id=\"18d2e58\" data-element_type=\"widget\" data-widget_type=\"heading.default\">\n\t\t\t\t<div class=\"elementor-widget-container\">\n\t\t\t<h3 class=\"elementor-heading-title elementor-size-default\">4. B\u00fclten<\/h3>\t\t<\/div>\n\t\t\t\t<\/div>\n\t\t\t\t<div class=\"elementor-element elementor-element-8f01fb9 elementor-widget elementor-widget-image\" data-id=\"8f01fb9\" data-element_type=\"widget\" data-widget_type=\"image.default\">\n\t\t\t\t<div class=\"elementor-widget-container\">\n\t\t\t\t\t\t\t\t\t\t\t\t\t\t<a href=\"https:\/\/ischool-project.eu\/wp-content\/uploads\/2024\/07\/EN-Newsletter-4-Ischool.pdf\" target=\"_blank\">\n\t\t\t\t\t\t\t<img loading=\"lazy\" decoding=\"async\" width=\"1000\" height=\"1000\" src=\"https:\/\/ischool-project.eu\/wp-content\/uploads\/2024\/07\/Ischool-newsletter-EN-mockup-final-1.png\" class=\"attachment-full size-full wp-image-6540\" alt=\"\" srcset=\"https:\/\/ischool-project.eu\/wp-content\/uploads\/2024\/07\/Ischool-newsletter-EN-mockup-final-1.png 1000w, https:\/\/ischool-project.eu\/wp-content\/uploads\/2024\/07\/Ischool-newsletter-EN-mockup-final-1-300x300.png 300w, https:\/\/ischool-project.eu\/wp-content\/uploads\/2024\/07\/Ischool-newsletter-EN-mockup-final-1-150x150.png 150w, https:\/\/ischool-project.eu\/wp-content\/uploads\/2024\/07\/Ischool-newsletter-EN-mockup-final-1-768x768.png 768w, https:\/\/ischool-project.eu\/wp-content\/uploads\/2024\/07\/Ischool-newsletter-EN-mockup-final-1-700x700.png 700w, https:\/\/ischool-project.eu\/wp-content\/uploads\/2024\/07\/Ischool-newsletter-EN-mockup-final-1-624x624.png 624w\" sizes=\"(max-width: 1000px) 100vw, 1000px\" \/>\t\t\t\t\t\t\t\t<\/a>\n\t\t\t\t\t\t\t\t\t\t\t\t\t<\/div>\n\t\t\t\t<\/div>\n\t\t\t\t<div class=\"elementor-element elementor-element-b9bf6e2 elementor-align-center elementor-widget elementor-widget-button\" data-id=\"b9bf6e2\" data-element_type=\"widget\" data-widget_type=\"button.default\">\n\t\t\t\t<div class=\"elementor-widget-container\">\n\t\t\t\t\t<div class=\"elementor-button-wrapper\">\n\t\t\t<a class=\"elementor-button elementor-button-link elementor-size-sm\" href=\"https:\/\/ischool-project.eu\/wp-content\/uploads\/2024\/07\/EN-Newsletter-4-Ischool.pdf\" target=\"_blank\">\n\t\t\t\t\t\t<span class=\"elementor-button-content-wrapper\">\n\t\t\t\t\t\t\t\t\t<span class=\"elementor-button-text\">PDF \u0130ndir<\/span>\n\t\t\t\t\t<\/span>\n\t\t\t\t\t<\/a>\n\t\t<\/div>\n\t\t\t\t<\/div>\n\t\t\t\t<\/div>\n\t\t\t\t\t<\/div>\n\t\t<\/div>\n\t\t\t\t\t<\/div>\n\t\t<\/section>\n\t\t\t\t<section class=\"elementor-section elementor-top-section elementor-element elementor-element-bff6bef elementor-section-boxed elementor-section-height-default elementor-section-height-default\" data-id=\"bff6bef\" data-element_type=\"section\">\n\t\t\t\t\t\t<div class=\"elementor-container elementor-column-gap-default\">\n\t\t\t\t\t<div class=\"elementor-column elementor-col-100 elementor-top-column elementor-element elementor-element-f247e87\" data-id=\"f247e87\" data-element_type=\"column\">\n\t\t\t<div class=\"elementor-widget-wrap elementor-element-populated\">\n\t\t\t\t\t\t<div class=\"elementor-element elementor-element-222b70a elementor-widget elementor-widget-spacer\" data-id=\"222b70a\" data-element_type=\"widget\" data-widget_type=\"spacer.default\">\n\t\t\t\t<div class=\"elementor-widget-container\">\n\t\t\t\t\t<div class=\"elementor-spacer\">\n\t\t\t<div class=\"elementor-spacer-inner\"><\/div>\n\t\t<\/div>\n\t\t\t\t<\/div>\n\t\t\t\t<\/div>\n\t\t\t\t\t<\/div>\n\t\t<\/div>\n\t\t\t\t\t<\/div>\n\t\t<\/section>\n\t\t\t\t<\/div>\n\t\t","protected":false},"excerpt":{"rendered":"<p>Malzeme Bro\u015f\u00fcr PDF \u0130ndir Afi\u015f PDF \u0130ndir B\u00fclten 1. B\u00fclten PDF \u0130ndir 2. B\u00fclten PDF \u0130ndir 3. B\u00fclten PDF \u0130ndir 4. B\u00fclten PDF \u0130ndir<\/p>\n","protected":false},"author":4,"featured_media":0,"parent":0,"menu_order":0,"comment_status":"closed","ping_status":"closed","template":"","meta":{"footnotes":""},"class_list":["post-2136","page","type-page","status-publish","hentry"],"_links":{"self":[{"href":"https:\/\/ischool-project.eu\/tr\/wp-json\/wp\/v2\/pages\/2136","targetHints":{"allow":["GET"]}}],"collection":[{"href":"https:\/\/ischool-project.eu\/tr\/wp-json\/wp\/v2\/pages"}],"about":[{"href":"https:\/\/ischool-project.eu\/tr\/wp-json\/wp\/v2\/types\/page"}],"author":[{"embeddable":true,"href":"https:\/\/ischool-project.eu\/tr\/wp-json\/wp\/v2\/users\/4"}],"replies":[{"embeddable":true,"href":"https:\/\/ischool-project.eu\/tr\/wp-json\/wp\/v2\/comments?post=2136"}],"version-history":[{"count":16,"href":"https:\/\/ischool-project.eu\/tr\/wp-json\/wp\/v2\/pages\/2136\/revisions"}],"predecessor-version":[{"id":6549,"href":"https:\/\/ischool-project.eu\/tr\/wp-json\/wp\/v2\/pages\/2136\/revisions\/6549"}],"wp:attachment":[{"href":"https:\/\/ischool-project.eu\/tr\/wp-json\/wp\/v2\/media?parent=2136"}],"curies":[{"name":"wp","href":"https:\/\/api.w.org\/{rel}","templated":true}]}}